{"id":987,"date":"2024-10-29T08:55:08","date_gmt":"2024-10-29T07:55:08","guid":{"rendered":"https:\/\/www.premiumpropertiesmarbella.com\/contact\/"},"modified":"2025-01-15T09:56:12","modified_gmt":"2025-01-15T08:56:12","slug":"contacto","status":"publish","type":"page","link":"https:\/\/www.premiumpropertiesmarbella.com\/es\/contacto\/","title":{"rendered":"Contacto"},"content":{"rendered":"\n<div class=\"wp-block-cover aligncenter is-light has-custom-content-position is-position-bottom-center contact-hero\"><span aria-hidden=\"true\" class=\"wp-block-cover__background has-background-dim-0 has-background-dim\"><\/span><img loading=\"lazy\" decoding=\"async\" width=\"2560\" height=\"1707\" class=\"wp-block-cover__image-background wp-image-763\" alt=\"\" src=\"https:\/\/www.premiumpropertiesmarbella.com\/wp-content\/uploads\/2024\/12\/00-Banner-1-scaled.jpg\" data-object-fit=\"cover\" srcset=\"https:\/\/www.premiumpropertiesmarbella.com\/wp-content\/uploads\/2024\/12\/00-Banner-1-scaled.jpg 2560w, https:\/\/www.premiumpropertiesmarbella.com\/wp-content\/uploads\/2024\/12\/00-Banner-1-300x200.jpg 300w, https:\/\/www.premiumpropertiesmarbella.com\/wp-content\/uploads\/2024\/12\/00-Banner-1-1024x683.jpg 1024w, https:\/\/www.premiumpropertiesmarbella.com\/wp-content\/uploads\/2024\/12\/00-Banner-1-768x512.jpg 768w, https:\/\/www.premiumpropertiesmarbella.com\/wp-content\/uploads\/2024\/12\/00-Banner-1-1536x1024.jpg 1536w, https:\/\/www.premiumpropertiesmarbella.com\/wp-content\/uploads\/2024\/12\/00-Banner-1-2048x1365.jpg 2048w\" sizes=\"auto, (max-width: 2560px) 100vw, 2560px\" \/><div class=\"wp-block-cover__inner-container is-layout-constrained wp-block-cover-is-layout-constrained\">\n<p class=\"has-text-align-center has-large-font-size\"><\/p>\n<\/div><\/div>\n\n\n\n<div class=\"wp-block-group color-bg ic-contact\"><div class=\"wp-block-group__inner-container is-layout-constrained wp-block-group-is-layout-constrained\">\n<div class=\"wp-block-columns container is-layout-flex wp-container-core-columns-is-layout-9d6595d7 wp-block-columns-is-layout-flex\">\n<div class=\"wp-block-column is-layout-flow wp-block-column-is-layout-flow\" style=\"flex-basis:86px\"><\/div>\n\n\n\n<div class=\"wp-block-column is-layout-flow wp-block-column-is-layout-flow\" style=\"flex-basis:33.3%\">\n<h2 class=\"wp-block-heading mb-5\">Contacto<\/h2>\n\n\n\n<p>PREMIUM PROPERTIES MARBELLA<\/p>\n\n\n\n<hr class=\"wp-block-separator has-alpha-channel-opacity\"\/>\n\n\n\n<ul class=\"wp-block-list list-unstyled\">\n<li><img loading=\"lazy\" decoding=\"async\" width=\"19\" height=\"19\" class=\"wp-image-204\" style=\"width: 19px;\" src=\"https:\/\/www.premiumpropertiesmarbella.com\/wp-content\/uploads\/2024\/11\/icon-whatsapp.svg\" alt=\"\"> <img loading=\"lazy\" decoding=\"async\" width=\"19\" height=\"19\" class=\"wp-image-248\" style=\"width: 19px;\" src=\"https:\/\/www.premiumpropertiesmarbella.com\/wp-content\/uploads\/2024\/11\/mobile.svg\" alt=\"\"> <a href=\"tel:+34610972255\">+34 610 97 22 55<\/a><\/li>\n\n\n\n<li><img loading=\"lazy\" decoding=\"async\" width=\"19\" height=\"19\" class=\"wp-image-202\" style=\"width: 19px;\" src=\"https:\/\/www.premiumpropertiesmarbella.com\/wp-content\/uploads\/2024\/11\/icon-mail.svg\" alt=\"\"> <a href=\"mailto:info@premiumpropertiesmarbella.com\">info@premiumpropertiesmarbella.com<\/a><\/li>\n\n\n\n<li>29670 San Pedro de Alc\u00e1ntara (M\u00e1laga)<\/li>\n<\/ul>\n<\/div>\n\n\n\n<div class=\"wp-block-column is-layout-flow wp-block-column-is-layout-flow\" style=\"flex-basis:86px\"><\/div>\n\n\n\n<div class=\"wp-block-column is-layout-flow wp-block-column-is-layout-flow\">\n<h3 class=\"wp-block-heading mt-0\">D\u00e9janos ayudarte a encontrar tu pr\u00f3xima casa de ensue\u00f1o<\/h3>\n\n\n\n<div class=\"wp-block-contact-form-7-contact-form-selector\">\n<div class=\"wpcf7 no-js\" id=\"wpcf7-f1020-o1\" lang=\"es-ES\" dir=\"ltr\" data-wpcf7-id=\"1020\">\n<div class=\"screen-reader-response\"><p role=\"status\" aria-live=\"polite\" aria-atomic=\"true\"><\/p> <ul><\/ul><\/div>\n<form action=\"\/es\/wp-json\/wp\/v2\/pages\/987#wpcf7-f1020-o1\" method=\"post\" class=\"wpcf7-form init wpcf7-acceptance-as-validation\" aria-label=\"Formulario de contacto\" novalidate=\"novalidate\" data-status=\"init\">\n<fieldset class=\"hidden-fields-container\"><input type=\"hidden\" name=\"_wpcf7\" value=\"1020\" \/><input type=\"hidden\" name=\"_wpcf7_version\" value=\"6.1.5\" \/><input type=\"hidden\" name=\"_wpcf7_locale\" value=\"es_ES\" \/><input type=\"hidden\" name=\"_wpcf7_unit_tag\" value=\"wpcf7-f1020-o1\" \/><input type=\"hidden\" name=\"_wpcf7_container_post\" value=\"0\" \/><input type=\"hidden\" name=\"_wpcf7_posted_data_hash\" value=\"\" \/><input type=\"hidden\" name=\"_wpcf7_recaptcha_response\" value=\"\" \/>\n<\/fieldset>\n<div class=\"row\">\n\t<div class=\"col-xl-6\">\n\t\t<p><label><span class=\"wpcf7-form-control-wrap\" data-name=\"full-name\"><input size=\"40\" maxlength=\"400\" class=\"wpcf7-form-control wpcf7-text wpcf7-validates-as-required form-control\" aria-required=\"true\" aria-invalid=\"false\" placeholder=\"* Nombre Apellidos\" value=\"\" type=\"text\" name=\"full-name\" \/><\/span><\/label>\n\t\t<\/p>\n\t<\/div>\n\t<div class=\"col-xl-6\">\n\t\t<p><label><span class=\"wpcf7-form-control-wrap\" data-name=\"email\"><input size=\"40\" maxlength=\"400\" class=\"wpcf7-form-control wpcf7-email wpcf7-validates-as-required wpcf7-text wpcf7-validates-as-email form-control\" aria-required=\"true\" aria-invalid=\"false\" placeholder=\"* Email\" value=\"\" type=\"email\" name=\"email\" \/><\/span><\/label>\n\t\t<\/p>\n\t<\/div>\n\t<div class=\"col-xl-6\">\n\t\t<p><label><span class=\"wpcf7-form-control-wrap\" data-name=\"phone\"><input size=\"40\" class=\"wpcf7-form-control wpcf7-phonetext wpcf7-text wpcf7-validates-as-phonetext form-control\" data-numberonly=\"true\" aria-invalid=\"false\" placeholder=\"Tel\u00e9fono\" value=\"\" type=\"text\" name=\"phone\" \/><input type=\"hidden\" name=\"phone-country-code\" class=\"wpcf7-phonetext-country-code\" \/><\/span><\/label>\n\t\t<\/p>\n\t<\/div>\n\t<div class=\"col-xl-6\">\n\t\t<p><label><span class=\"wpcf7-form-control-wrap\" data-name=\"country\"><input size=\"40\" class=\"wpcf7-form-control wpcf7-countrytext wpcf7-text wpcf7-validates-as-countrytext form-control\" readonly=\"readonly\" aria-invalid=\"false\" placeholder=\"Pa\u00eds\" value=\"\" type=\"text\" name=\"country\" \/><\/span><\/label>\n\t\t<\/p>\n\t<\/div>\n\t<div class=\"col-12\">\n\t\t<p><label><span class=\"wpcf7-form-control-wrap\" data-name=\"message\"><textarea cols=\"40\" rows=\"7\" maxlength=\"2000\" class=\"wpcf7-form-control wpcf7-textarea wpcf7-validates-as-required form-control\" aria-required=\"true\" aria-invalid=\"false\" name=\"message\">Estoy interesado en adquirir una propiedad en este pa\u00eds<\/textarea><\/span><\/label>\n\t\t<\/p>\n\t<\/div>\n<\/div>\n<div class=\"row\">\n\t<div class=\"col-12\">\n\t\t<div class=\"mb-2\">\n\t\t\t<p><label><span class=\"wpcf7-form-control-wrap\" data-name=\"legal\"><span class=\"wpcf7-form-control wpcf7-acceptance\"><span class=\"wpcf7-list-item\"><label><input type=\"checkbox\" name=\"legal\" value=\"1\" class=\"required\" aria-invalid=\"false\" \/><span class=\"wpcf7-list-item-label\">Acepto la <a href=\"\/es\/politica-de-privacidad\/\" target=\"_blank\" title=\"Pol\u00edtica de Privacidad\">Pol\u00edtica de Privacidad<\/a><\/span><\/label><\/span><\/span><\/span><\/label>\n\t\t\t<\/p>\n\t\t<\/div>\n\t\t<div class=\"mt-1\">\n\t\t\t<p><label><span class=\"wpcf7-form-control-wrap\" data-name=\"commercial\"><span class=\"wpcf7-form-control wpcf7-acceptance optional\"><span class=\"wpcf7-list-item\"><label><input type=\"checkbox\" name=\"commercial\" value=\"1\" aria-invalid=\"false\" \/><span class=\"wpcf7-list-item-label\">Acepto recibir informaci\u00f3n por email<\/span><\/label><\/span><\/span><\/span><\/label>\n\t\t\t<\/p>\n\t\t<\/div>\n\t<\/div>\n<\/div>\n<div class=\"row\">\n\t<div class=\"col-md-12\">\n\t\t<p><input class=\"wpcf7-form-control wpcf7-submit has-spinner\" type=\"submit\" value=\"Enviar\" \/>\n\t\t<\/p>\n\t<\/div>\n<\/div>\n<input class=\"wpcf7-form-control wpcf7-hidden\" value=\"\/es\/gracias\/\" type=\"hidden\" name=\"redirect_to\" \/>\n<input class=\"wpcf7-form-control wpcf7-hidden field_wpml_current_language\" id=\"field_wpml_current_language\" value=\"\" type=\"hidden\" name=\"field_wpml_current_language\" \/>\n<input class=\"wpcf7-form-control wpcf7-hidden field_property_ref\" id=\"field_property_ref\" value=\"\" type=\"hidden\" name=\"field_property_ref\" \/>\n<input class=\"wpcf7-form-control wpcf7-hidden field_sent_from_page_url\" id=\"field_sent_from_page_url\" value=\"\" type=\"hidden\" name=\"field_sent_from_page_url\" \/>\n<input class=\"wpcf7-form-control wpcf7-hidden field_utm_source\" id=\"field_utm_source\" value=\"\" type=\"hidden\" name=\"utm_source\" \/>\n<input class=\"wpcf7-form-control wpcf7-hidden field_utm_medium\" id=\"field_utm_medium\" value=\"\" type=\"hidden\" name=\"utm_medium\" \/>\n<input class=\"wpcf7-form-control wpcf7-hidden field_utm_campaign\" id=\"field_utm_campaign\" value=\"\" type=\"hidden\" name=\"utm_campaign\" \/><div class=\"wpcf7-response-output\" aria-hidden=\"true\"><\/div>\n<\/form>\n<\/div>\n<\/div>\n<\/div>\n<\/div>\n<\/div><\/div>\n\n\n\n<div class=\"wp-block-group ic-instagram\"><div class=\"wp-block-group__inner-container is-layout-constrained wp-block-group-is-layout-constrained\">\n<h2 class=\"wp-block-heading has-text-align-center my-5\">Galer\u00eda de Instagram<\/h2>\n\n\n\t\t<div id=\"instagram-gallery-feed-0\" class=\"instagram-gallery-feed\" data-feed=\"{&quot;id&quot;:0,&quot;account_id&quot;:&quot;8491466900954057&quot;,&quot;source&quot;:&quot;username&quot;,&quot;tag&quot;:&quot;wordpress&quot;,&quot;order_by&quot;:&quot;top_media&quot;,&quot;layout&quot;:&quot;carousel&quot;,&quot;limit&quot;:12,&quot;columns&quot;:3,&quot;spacing&quot;:10,&quot;lazy&quot;:false,&quot;responsive&quot;:{&quot;desktop&quot;:{&quot;columns&quot;:3,&quot;spacing&quot;:10},&quot;tablet&quot;:{&quot;columns&quot;:2,&quot;spacing&quot;:8},&quot;mobile&quot;:{&quot;columns&quot;:1,&quot;spacing&quot;:6},&quot;breakpoints&quot;:{&quot;tablet&quot;:768,&quot;mobile&quot;:480}},&quot;aspect_ratio&quot;:{&quot;width&quot;:1,&quot;height&quot;:1},&quot;highlight&quot;:{&quot;tag&quot;:&quot;&quot;,&quot;id&quot;:&quot;&quot;,&quot;position&quot;:&quot;1,3,5&quot;},&quot;reel&quot;:{&quot;hide&quot;:false},&quot;copyright&quot;:{&quot;hide&quot;:false,&quot;placeholder&quot;:&quot;&quot;},&quot;profile&quot;:{&quot;display&quot;:false,&quot;username&quot;:&quot;&quot;,&quot;nickname&quot;:&quot;&quot;,&quot;website&quot;:&quot;&quot;,&quot;biography&quot;:&quot;&quot;,&quot;link_text&quot;:&quot;Follow&quot;,&quot;website_text&quot;:&quot;Website&quot;,&quot;avatar&quot;:&quot;&quot;},&quot;box&quot;:{&quot;display&quot;:false,&quot;padding&quot;:1,&quot;radius&quot;:0,&quot;background&quot;:&quot;#fefefe&quot;,&quot;profile&quot;:false,&quot;desc&quot;:&quot;&quot;,&quot;text_color&quot;:&quot;#000000&quot;},&quot;mask&quot;:{&quot;display&quot;:false,&quot;background&quot;:&quot;#000000&quot;,&quot;icon_color&quot;:&quot;#ffffff&quot;,&quot;likes_count&quot;:true,&quot;comments_count&quot;:true},&quot;card&quot;:{&quot;display&quot;:false,&quot;radius&quot;:1,&quot;font_size&quot;:12,&quot;background&quot;:&quot;#ffffff&quot;,&quot;background_hover&quot;:&quot;&quot;,&quot;text_color&quot;:&quot;#000000&quot;,&quot;padding&quot;:5,&quot;likes_count&quot;:true,&quot;text_length&quot;:10,&quot;comments_count&quot;:true,&quot;text_align&quot;:&quot;left&quot;},&quot;carousel&quot;:{&quot;centered_slides&quot;:false,&quot;autoplay&quot;:false,&quot;autoplay_interval&quot;:3000,&quot;navarrows&quot;:true,&quot;navarrows_color&quot;:&quot;&quot;,&quot;pagination&quot;:true,&quot;pagination_color&quot;:&quot;&quot;},&quot;modal&quot;:{&quot;display&quot;:true,&quot;profile&quot;:true,&quot;media_description&quot;:true,&quot;likes_count&quot;:true,&quot;comments_count&quot;:true,&quot;comments_list&quot;:false,&quot;text_align&quot;:&quot;left&quot;,&quot;modal_align&quot;:&quot;bottom&quot;,&quot;text_length&quot;:10000,&quot;font_size&quot;:12},&quot;button&quot;:{&quot;display&quot;:false,&quot;text&quot;:&quot;View on Instagram&quot;,&quot;text_color&quot;:&quot;#ffff&quot;,&quot;background&quot;:&quot;&quot;,&quot;background_hover&quot;:&quot;&quot;},&quot;button_load&quot;:{&quot;display&quot;:false,&quot;text&quot;:&quot;Load more...&quot;,&quot;text_color&quot;:&quot;#ffff&quot;,&quot;background&quot;:&quot;&quot;,&quot;background_hover&quot;:&quot;&quot;}}\">\n\t\t<!-- <FeedContainer\/> -->\n\t\t<\/div>\n\t\t\n\n\n\n<p class=\"has-text-align-center text-uppercase mt-4\">S\u00edguenos <img decoding=\"async\" width=\"150\" class=\"wp-image-223\" style=\"width: 150px;\" src=\"https:\/\/www.premiumpropertiesmarbella.com\/wp-content\/uploads\/2024\/11\/line-1.svg\" alt=\"\"><a href=\"https:\/\/www.instagram.com\/premiumpropertiesmarbella\/\" target=\"_blank\" rel=\"noreferrer noopener\">@premiumpropertiesmarbella<\/a><\/p>\n<\/div><\/div>\n","protected":false},"excerpt":{"rendered":"","protected":false},"author":1,"featured_media":0,"parent":0,"menu_order":0,"comment_status":"closed","ping_status":"closed","template":"","meta":{"inline_featured_image":false,"footnotes":""},"class_list":["post-987","page","type-page","status-publish","hentry"],"yoast_head":"<!-- This site is optimized with the Yoast SEO plugin v27.5 - https:\/\/yoast.com\/product\/yoast-seo-wordpress\/ -->\n<title>Cont\u00e1ctanos | Premium Properties Marbella<\/title>\n<meta name=\"description\" content=\"Perm\u00edtenos ayudarte a encontrar tu pr\u00f3xima propiedad de lujo en Marbella y la Costa del Sol. Cont\u00e1ctanos por correo electr\u00f3nico, formulario de contacto o tel\u00e9fono.\" \/>\n<meta name=\"robots\" content=\"index, follow, max-snippet:-1, max-image-preview:large, max-video-preview:-1\" \/>\n<link rel=\"canonical\" href=\"https:\/\/www.premiumpropertiesmarbella.com\/es\/contacto\/\" \/>\n<meta property=\"og:locale\" content=\"es_ES\" \/>\n<meta property=\"og:type\" content=\"article\" \/>\n<meta property=\"og:title\" content=\"Cont\u00e1ctanos | Premium Properties Marbella\" \/>\n<meta property=\"og:description\" content=\"Perm\u00edtenos ayudarte a encontrar tu pr\u00f3xima propiedad de lujo en Marbella y la Costa del Sol. Cont\u00e1ctanos por correo electr\u00f3nico, formulario de contacto o tel\u00e9fono.\" \/>\n<meta property=\"og:url\" content=\"https:\/\/www.premiumpropertiesmarbella.com\/es\/contacto\/\" \/>\n<meta property=\"og:site_name\" content=\"Premium Properties Marbella\" \/>\n<meta property=\"article:modified_time\" content=\"2025-01-15T08:56:12+00:00\" \/>\n<meta property=\"og:image\" content=\"https:\/\/www.premiumpropertiesmarbella.com\/wp-content\/uploads\/2024\/12\/00-Banner-1-scaled.jpg\" \/>\n<meta name=\"twitter:card\" content=\"summary_large_image\" \/>\n<meta name=\"twitter:label1\" content=\"Tiempo de lectura\" \/>\n\t<meta name=\"twitter:data1\" content=\"2 minutos\" \/>\n<script type=\"application\/ld+json\" class=\"yoast-schema-graph\">{\"@context\":\"https:\\\/\\\/schema.org\",\"@graph\":[{\"@type\":\"WebPage\",\"@id\":\"https:\\\/\\\/www.premiumpropertiesmarbella.com\\\/es\\\/contacto\\\/\",\"url\":\"https:\\\/\\\/www.premiumpropertiesmarbella.com\\\/es\\\/contacto\\\/\",\"name\":\"Cont\u00e1ctanos | Premium Properties Marbella\",\"isPartOf\":{\"@id\":\"https:\\\/\\\/www.premiumpropertiesmarbella.com\\\/es\\\/#website\"},\"primaryImageOfPage\":{\"@id\":\"https:\\\/\\\/www.premiumpropertiesmarbella.com\\\/es\\\/contacto\\\/#primaryimage\"},\"image\":{\"@id\":\"https:\\\/\\\/www.premiumpropertiesmarbella.com\\\/es\\\/contacto\\\/#primaryimage\"},\"thumbnailUrl\":\"https:\\\/\\\/www.premiumpropertiesmarbella.com\\\/wp-content\\\/uploads\\\/2024\\\/12\\\/00-Banner-1-scaled.jpg\",\"datePublished\":\"2024-10-29T07:55:08+00:00\",\"dateModified\":\"2025-01-15T08:56:12+00:00\",\"description\":\"Perm\u00edtenos ayudarte a encontrar tu pr\u00f3xima propiedad de lujo en Marbella y la Costa del Sol. Cont\u00e1ctanos por correo electr\u00f3nico, formulario de contacto o tel\u00e9fono.\",\"breadcrumb\":{\"@id\":\"https:\\\/\\\/www.premiumpropertiesmarbella.com\\\/es\\\/contacto\\\/#breadcrumb\"},\"inLanguage\":\"es\",\"potentialAction\":[{\"@type\":\"ReadAction\",\"target\":[\"https:\\\/\\\/www.premiumpropertiesmarbella.com\\\/es\\\/contacto\\\/\"]}]},{\"@type\":\"ImageObject\",\"inLanguage\":\"es\",\"@id\":\"https:\\\/\\\/www.premiumpropertiesmarbella.com\\\/es\\\/contacto\\\/#primaryimage\",\"url\":\"https:\\\/\\\/www.premiumpropertiesmarbella.com\\\/wp-content\\\/uploads\\\/2024\\\/12\\\/00-Banner-1-scaled.jpg\",\"contentUrl\":\"https:\\\/\\\/www.premiumpropertiesmarbella.com\\\/wp-content\\\/uploads\\\/2024\\\/12\\\/00-Banner-1-scaled.jpg\"},{\"@type\":\"BreadcrumbList\",\"@id\":\"https:\\\/\\\/www.premiumpropertiesmarbella.com\\\/es\\\/contacto\\\/#breadcrumb\",\"itemListElement\":[{\"@type\":\"ListItem\",\"position\":1,\"name\":\"Home\",\"item\":\"https:\\\/\\\/www.premiumpropertiesmarbella.com\\\/es\\\/sample-page\\\/\"},{\"@type\":\"ListItem\",\"position\":2,\"name\":\"Contacto\"}]},{\"@type\":\"WebSite\",\"@id\":\"https:\\\/\\\/www.premiumpropertiesmarbella.com\\\/es\\\/#website\",\"url\":\"https:\\\/\\\/www.premiumpropertiesmarbella.com\\\/es\\\/\",\"name\":\"Premium Properties Marbella\",\"description\":\"\",\"potentialAction\":[{\"@type\":\"SearchAction\",\"target\":{\"@type\":\"EntryPoint\",\"urlTemplate\":\"https:\\\/\\\/www.premiumpropertiesmarbella.com\\\/es\\\/?s={search_term_string}\"},\"query-input\":{\"@type\":\"PropertyValueSpecification\",\"valueRequired\":true,\"valueName\":\"search_term_string\"}}],\"inLanguage\":\"es\"}]}<\/script>\n<!-- \/ Yoast SEO plugin. -->","yoast_head_json":{"title":"Cont\u00e1ctanos | Premium Properties Marbella","description":"Perm\u00edtenos ayudarte a encontrar tu pr\u00f3xima propiedad de lujo en Marbella y la Costa del Sol. Cont\u00e1ctanos por correo electr\u00f3nico, formulario de contacto o tel\u00e9fono.","robots":{"index":"index","follow":"follow","max-snippet":"max-snippet:-1","max-image-preview":"max-image-preview:large","max-video-preview":"max-video-preview:-1"},"canonical":"https:\/\/www.premiumpropertiesmarbella.com\/es\/contacto\/","og_locale":"es_ES","og_type":"article","og_title":"Cont\u00e1ctanos | Premium Properties Marbella","og_description":"Perm\u00edtenos ayudarte a encontrar tu pr\u00f3xima propiedad de lujo en Marbella y la Costa del Sol. Cont\u00e1ctanos por correo electr\u00f3nico, formulario de contacto o tel\u00e9fono.","og_url":"https:\/\/www.premiumpropertiesmarbella.com\/es\/contacto\/","og_site_name":"Premium Properties Marbella","article_modified_time":"2025-01-15T08:56:12+00:00","og_image":[{"url":"https:\/\/www.premiumpropertiesmarbella.com\/wp-content\/uploads\/2024\/12\/00-Banner-1-scaled.jpg","type":"","width":"","height":""}],"twitter_card":"summary_large_image","twitter_misc":{"Tiempo de lectura":"2 minutos"},"schema":{"@context":"https:\/\/schema.org","@graph":[{"@type":"WebPage","@id":"https:\/\/www.premiumpropertiesmarbella.com\/es\/contacto\/","url":"https:\/\/www.premiumpropertiesmarbella.com\/es\/contacto\/","name":"Cont\u00e1ctanos | Premium Properties Marbella","isPartOf":{"@id":"https:\/\/www.premiumpropertiesmarbella.com\/es\/#website"},"primaryImageOfPage":{"@id":"https:\/\/www.premiumpropertiesmarbella.com\/es\/contacto\/#primaryimage"},"image":{"@id":"https:\/\/www.premiumpropertiesmarbella.com\/es\/contacto\/#primaryimage"},"thumbnailUrl":"https:\/\/www.premiumpropertiesmarbella.com\/wp-content\/uploads\/2024\/12\/00-Banner-1-scaled.jpg","datePublished":"2024-10-29T07:55:08+00:00","dateModified":"2025-01-15T08:56:12+00:00","description":"Perm\u00edtenos ayudarte a encontrar tu pr\u00f3xima propiedad de lujo en Marbella y la Costa del Sol. Cont\u00e1ctanos por correo electr\u00f3nico, formulario de contacto o tel\u00e9fono.","breadcrumb":{"@id":"https:\/\/www.premiumpropertiesmarbella.com\/es\/contacto\/#breadcrumb"},"inLanguage":"es","potentialAction":[{"@type":"ReadAction","target":["https:\/\/www.premiumpropertiesmarbella.com\/es\/contacto\/"]}]},{"@type":"ImageObject","inLanguage":"es","@id":"https:\/\/www.premiumpropertiesmarbella.com\/es\/contacto\/#primaryimage","url":"https:\/\/www.premiumpropertiesmarbella.com\/wp-content\/uploads\/2024\/12\/00-Banner-1-scaled.jpg","contentUrl":"https:\/\/www.premiumpropertiesmarbella.com\/wp-content\/uploads\/2024\/12\/00-Banner-1-scaled.jpg"},{"@type":"BreadcrumbList","@id":"https:\/\/www.premiumpropertiesmarbella.com\/es\/contacto\/#breadcrumb","itemListElement":[{"@type":"ListItem","position":1,"name":"Home","item":"https:\/\/www.premiumpropertiesmarbella.com\/es\/sample-page\/"},{"@type":"ListItem","position":2,"name":"Contacto"}]},{"@type":"WebSite","@id":"https:\/\/www.premiumpropertiesmarbella.com\/es\/#website","url":"https:\/\/www.premiumpropertiesmarbella.com\/es\/","name":"Premium Properties Marbella","description":"","potentialAction":[{"@type":"SearchAction","target":{"@type":"EntryPoint","urlTemplate":"https:\/\/www.premiumpropertiesmarbella.com\/es\/?s={search_term_string}"},"query-input":{"@type":"PropertyValueSpecification","valueRequired":true,"valueName":"search_term_string"}}],"inLanguage":"es"}]}},"_links":{"self":[{"href":"https:\/\/www.premiumpropertiesmarbella.com\/es\/wp-json\/wp\/v2\/pages\/987","targetHints":{"allow":["GET"]}}],"collection":[{"href":"https:\/\/www.premiumpropertiesmarbella.com\/es\/wp-json\/wp\/v2\/pages"}],"about":[{"href":"https:\/\/www.premiumpropertiesmarbella.com\/es\/wp-json\/wp\/v2\/types\/page"}],"author":[{"embeddable":true,"href":"https:\/\/www.premiumpropertiesmarbella.com\/es\/wp-json\/wp\/v2\/users\/1"}],"replies":[{"embeddable":true,"href":"https:\/\/www.premiumpropertiesmarbella.com\/es\/wp-json\/wp\/v2\/comments?post=987"}],"version-history":[{"count":5,"href":"https:\/\/www.premiumpropertiesmarbella.com\/es\/wp-json\/wp\/v2\/pages\/987\/revisions"}],"predecessor-version":[{"id":1096,"href":"https:\/\/www.premiumpropertiesmarbella.com\/es\/wp-json\/wp\/v2\/pages\/987\/revisions\/1096"}],"wp:attachment":[{"href":"https:\/\/www.premiumpropertiesmarbella.com\/es\/wp-json\/wp\/v2\/media?parent=987"}],"curies":[{"name":"wp","href":"https:\/\/api.w.org\/{rel}","templated":true}]}}